{"id":1670,"date":"2024-03-05T15:33:26","date_gmt":"2024-03-05T13:33:26","guid":{"rendered":"https:\/\/finnmaster.web.mediasignal.dev\/?post_type=product&#038;p=1670"},"modified":"2024-04-10T10:50:30","modified_gmt":"2024-04-10T07:50:30","slug":"r6-kesken","status":"publish","type":"product","link":"https:\/\/finnmaster.web.mediasignal.dev\/fi\/fleet\/r6-kesken\/","title":{"rendered":"R6"},"content":{"rendered":"<div id=\"Yleiskatsaus\" class=\"TextFiftyFifty wrap my-8 lg:my-16\">\n    <div class=\"flex flex-col lg:flex-row\">\n                    <div class=\"w-full lg:w-1\/2\">\n                                    <div class=\"Title h2 font-normal mb-6 lg:mb-0 w-10\/12\">R6 on monipuolinen bow rider.<\/div>\n                            <\/div>\n                    <div class=\"w-full lg:w-1\/2\">\n                                    <div class=\"Text p text-custom-dark\"><p>Finnmaster R6 on monipuolinen bow rider aurinkoisiin kes\u00e4p\u00e4iviin. T\u00e4m\u00e4 vene soveltuu erinomaisesti p\u00e4iv\u00e4veneilyyn, vesiurheiluun, kes\u00e4m\u00f6kki- ja yhteysk\u00e4ytt\u00f6\u00f6n. T\u00e4ss\u00e4 bowriderissa on helppo liikkua, runsaasti mukavia istumapaikkoja rentoon oleskeluun, joko takaosan suurella U-sohvalla, tai keulan istuinryhm\u00e4ss\u00e4. Lis\u00e4patjojen ansiosta saat muodostettua aurinkovuoteen kumpaankin istuinryhm\u00e4\u00e4n. Penkkien alta l\u00f6ytyy runsaasti s\u00e4ilytystilaa vaikkapa vesisuksille sek\u00e4 monta j\u00e4rkev\u00e4\u00e4 yksityiskohtaa, jotka tekev\u00e4t veneilyst\u00e4 helppoa ja turvallista koko perheelle. Finnmaster R6 on t\u00e4ydellinen kes\u00e4vene, joka auttaa sinua irrottautumaan arjesta.<\/p>\n<\/div>\n                            <\/div>\n            <\/div>\n<\/div>\n\n\n<div class=\"Image flex my-12 w-full wrap_xl\" >\n    <picture class=\"w-full \">\n        \n        <source\n            srcset=\"\n                                            https:\/\/finnmaster.web.mediasignal.dev\/app\/uploads\/2024\/03\/FM_R6_side_punainen-150x150.webp 150w,\n                                            https:\/\/finnmaster.web.mediasignal.dev\/app\/uploads\/2024\/03\/FM_R6_side_punainen-300x145.webp 300w,\n                                            https:\/\/finnmaster.web.mediasignal.dev\/app\/uploads\/2024\/03\/FM_R6_side_punainen-768x371.webp 768w,\n                                            https:\/\/finnmaster.web.mediasignal.dev\/app\/uploads\/2024\/03\/FM_R6_side_punainen-1024x495.webp 1024w,\n                                            https:\/\/finnmaster.web.mediasignal.dev\/app\/uploads\/2024\/03\/FM_R6_side_punainen.webp 1126w,\n                                            https:\/\/finnmaster.web.mediasignal.dev\/app\/uploads\/2024\/03\/FM_R6_side_punainen.webp 1126w,\n                                    \"\n        \/>\n        <img decoding=\"async\" class=\"lg:w-7\/12 mx-auto object-cover\" src=\"https:\/\/finnmaster.web.mediasignal.dev\/app\/uploads\/2024\/03\/FM_R6_side_punainen.webp\" alt=\"FM_R6_side_punainen\" \/>\n    <\/picture>\n<\/div>\n\n\n<div class=\"ThreeImages flex my-20 mt-40\" >\n    <div class=\"threeImage-swiper mx-auto relative overflow-hidden\">\n        <div class=\"swiper-wrapper !h-auto\">\n\n                            <div class=\"swiper-slide\">\n                        <a href=\"https:\/\/finnmaster.web.mediasignal.dev\/app\/uploads\/2024\/03\/7f1537.webp\">\n                            <picture class=\"w-full \">\n                                \n                                <source\n                                    srcset=\"\n                                                                                            https:\/\/finnmaster.web.mediasignal.dev\/app\/uploads\/2024\/03\/7f1537-150x150.webp 150w,\n                                                                                            https:\/\/finnmaster.web.mediasignal.dev\/app\/uploads\/2024\/03\/7f1537-300x200.webp 300w,\n                                                                                            https:\/\/finnmaster.web.mediasignal.dev\/app\/uploads\/2024\/03\/7f1537.webp 640w,\n                                                                                            https:\/\/finnmaster.web.mediasignal.dev\/app\/uploads\/2024\/03\/7f1537.webp 640w,\n                                                                                            https:\/\/finnmaster.web.mediasignal.dev\/app\/uploads\/2024\/03\/7f1537.webp 640w,\n                                                                                            https:\/\/finnmaster.web.mediasignal.dev\/app\/uploads\/2024\/03\/7f1537.webp 640w,\n                                                                                    \"\n                                \/>\n                                <img decoding=\"async\" class=\"aspect-square w-full object-cover\" src=\"https:\/\/finnmaster.web.mediasignal.dev\/app\/uploads\/2024\/03\/7f1537.webp\" alt=\"\" \/>\n                            <\/picture>\n                        <\/a>\n                <\/div>\n                            <div class=\"swiper-slide\">\n                        <a href=\"https:\/\/finnmaster.web.mediasignal.dev\/app\/uploads\/2024\/03\/111a47.webp\">\n                            <picture class=\"w-full \">\n                                \n                                <source\n                                    srcset=\"\n                                                                                            https:\/\/finnmaster.web.mediasignal.dev\/app\/uploads\/2024\/03\/111a47-150x150.webp 150w,\n                                                                                            https:\/\/finnmaster.web.mediasignal.dev\/app\/uploads\/2024\/03\/111a47-300x223.webp 300w,\n                                                                                            https:\/\/finnmaster.web.mediasignal.dev\/app\/uploads\/2024\/03\/111a47.webp 640w,\n                                                                                            https:\/\/finnmaster.web.mediasignal.dev\/app\/uploads\/2024\/03\/111a47.webp 640w,\n                                                                                            https:\/\/finnmaster.web.mediasignal.dev\/app\/uploads\/2024\/03\/111a47.webp 640w,\n                                                                                            https:\/\/finnmaster.web.mediasignal.dev\/app\/uploads\/2024\/03\/111a47.webp 640w,\n                                                                                    \"\n                                \/>\n                                <img decoding=\"async\" class=\"aspect-square w-full object-cover\" src=\"https:\/\/finnmaster.web.mediasignal.dev\/app\/uploads\/2024\/03\/111a47.webp\" alt=\"\" \/>\n                            <\/picture>\n                        <\/a>\n                <\/div>\n                            <div class=\"swiper-slide\">\n                        <a href=\"https:\/\/finnmaster.web.mediasignal.dev\/app\/uploads\/2024\/03\/4fe564.webp\">\n                            <picture class=\"w-full \">\n                                \n                                <source\n                                    srcset=\"\n                                                                                            https:\/\/finnmaster.web.mediasignal.dev\/app\/uploads\/2024\/03\/4fe564-150x150.webp 150w,\n                                                                                            https:\/\/finnmaster.web.mediasignal.dev\/app\/uploads\/2024\/03\/4fe564-300x200.webp 300w,\n                                                                                            https:\/\/finnmaster.web.mediasignal.dev\/app\/uploads\/2024\/03\/4fe564.webp 640w,\n                                                                                            https:\/\/finnmaster.web.mediasignal.dev\/app\/uploads\/2024\/03\/4fe564.webp 640w,\n                                                                                            https:\/\/finnmaster.web.mediasignal.dev\/app\/uploads\/2024\/03\/4fe564.webp 640w,\n                                                                                            https:\/\/finnmaster.web.mediasignal.dev\/app\/uploads\/2024\/03\/4fe564.webp 640w,\n                                                                                    \"\n                                \/>\n                                <img decoding=\"async\" class=\"aspect-square w-full object-cover\" src=\"https:\/\/finnmaster.web.mediasignal.dev\/app\/uploads\/2024\/03\/4fe564.webp\" alt=\"\" \/>\n                            <\/picture>\n                        <\/a>\n                <\/div>\n            \n        <\/div>\n\n\n    <\/div>\n<\/div>\n\n<div class=\"w-11\/12 mx-auto relative mb-36 lg:mb-0\">\n    <div         class=\"!w-[calc(50%+1rem)] swiper-button-prev after:!content-none !justify-start   !text-white bg-custom-dark pl-8 md:-mr-6 hover:bg-custom-red transition-colors\"\n        style=\"\n        clip-path:polygon(0 0,100% 0,100% calc(100% - 57px),0 100%);\n        -webkit-clip-path: polygon(0 0,100% 0,calc(100% - 57px) 100%,0 100%);\"\n    ><svg xmlns=\"http:\/\/www.w3.org\/2000\/svg\" fill=\"none\" viewBox=\"0 0 24 24\" stroke-width=\"1.5\" stroke=\"currentColor\" class=\"w-8 h-8\">\n  <path stroke-linecap=\"round\" stroke-linejoin=\"round\" d=\"M6.75 15.75 3 12m0 0 3.75-3.75M3 12h18\" \/>\n<\/svg>\n<\/div>\n\n    <div         class=\"!w-[calc(50%+1rem)] swiper-button-next after:!content-none !justify-end  !text-white bg-custom-dark pr-8 hover:bg-custom-red transition-colors\"\n        style=\"\n            clip-path:polygon(57px 0,100% 0,100% 100%,0 100%);\n            -webkit-clip-path: polygon(57px 0,100% 0,100% 100%,0 100%);\"\n    ><svg xmlns=\"http:\/\/www.w3.org\/2000\/svg\" fill=\"none\" viewBox=\"0 0 24 24\" stroke-width=\"1.5\" stroke=\"currentColor\" class=\"w-8 h-8\">\n  <path stroke-linecap=\"round\" stroke-linejoin=\"round\" d=\"M17.25 8.25 21 12m0 0-3.75 3.75M21 12H3\" \/>\n<\/svg>\n<\/div>\n<\/div>\n\n\n<div  class=\"TextFiftyFifty wrap my-8 lg:my-16\">\n    <div class=\"flex flex-col lg:flex-row\">\n                    <div class=\"w-full lg:w-1\/2\">\n                                    <div class=\"Title h2 font-normal mb-6 lg:mb-0 w-10\/12\">Layout ja smart design<\/div>\n                            <\/div>\n                    <div class=\"w-full lg:w-1\/2\">\n                                    <div class=\"Text p text-custom-dark\"><p>Me Finnmasterilla olemme suunnitelleet ja rakentaneet veneit\u00e4 Suomessa yli 30 vuoden ajan. N\u00e4iden vuosien aikana olemme kehitt\u00e4neet ahkerasti j\u00e4rkevi\u00e4 ratkaisuja, joiden ansiosta l\u00f6yd\u00e4t esimerkiksi aina hetkess\u00e4 paikan lepuuttajille heti l\u00e4hdetty\u00e4si liikkeelle. Sinun ei my\u00f6sk\u00e4\u00e4n tarvitse siirrell\u00e4 tyynyj\u00e4 halutessasi laittaa tavaroita s\u00e4ilytystiloihin. Kutsumme konseptiamme Smart Designiksi. Se tarkoittaa, ett\u00e4 nivomme yhteen muodon ja sis\u00e4ll\u00f6n helpottaaksemme el\u00e4m\u00e4\u00e4 merell\u00e4 \u2013 riippumatta siit\u00e4, mihin k\u00e4yt\u00e4t venett\u00e4si. Ratkaisut eiv\u00e4t vain yhdist\u00e4 huolellisesti harkittuja ja k\u00e4yt\u00e4nn\u00f6llisi\u00e4 yksityiskohtia tyylikk\u00e4\u00e4seen ja nykyaikaiseen muotoiluun. Ennen kaikkea ne merkitsev\u00e4t sit\u00e4, ett\u00e4 niin kokenut kapteeni kuin utelias aloittelijakin voivat kokea unohtumattoman el\u00e4myksen merell\u00e4.<\/p>\n<\/div>\n                            <\/div>\n            <\/div>\n<\/div>\n\n\n<div id=\"\" class=\"InteractiveImage wrap flex justify-center items-center h-[100vh] lg:h-auto my-8 lg:my-40\">\n\t<div class=\"BoatImage relative h-auto w-[100vh] lg:w-[90%] mx-auto -rotate-90 lg:rotate-0\">\n\t\t        <img decoding=\"async\" class=\"min-w-[90vh] lg:min-w-[auto] w-full object-cover\" src=\"https:\/\/finnmaster.web.mediasignal.dev\/app\/uploads\/2024\/03\/2232c4.webp\" alt=\"\">\n\t\t\t\t\t            <button id=\"equipment-1\" class=\"Equipment-btn absolute -translate-y-1\/2 -translate-x-1\/2 z-1 rounded-full transition-all duration-200 border-2 hover:border-3 border-solid border-white bg-[hsla(0,0%,98%,.7)] hover:bg-[hsla(0,0%,100%,.4)]  w-[clamp(40px,5vw,84px)] hover:w-[clamp(40px,5vw,90px)] h-[clamp(40px,5vw,84px)] hover:h-[clamp(40px,5vw,90px)] bottom-[33%] left-[75%]\"><\/button>\n\t\t\t            <div id=\"equipment-1\" class=\"Equipment-modal z-10 rotate-90 lg:rotate-0 animate-expand lg:animate-expandDesk absolute hidden p-5 bg-[hsla(0,0%,100%,.5)] backdrop-blur-[56px] top-1\/2 left-1\/2 -translate-y-1\/2 -translate-x-1\/2 w-[75%] max-w-[300px] sm:max-w-[420px] aspect-[6\/5] shadow-[0_4px_70px_rgba(0,0,0,.1)] box-border flex-col justify-between gap-[5%]  \">\n\t\t\t\t<div class=\"relative\">\n\t\t\t\t\t<h4 class=\"h3 uppercase\">\n\t\t\t\t\t\tKEULASSA AURINKOTASO\n\t\t\t\t\t<\/h4>\n\t\t\t\t\t<button id=\"equipment-1\" class=\"Equipment-close-btn absolute top-0 right-0 \">\n\t\t\t\t\t\t<svg xmlns=\"http:\/\/www.w3.org\/2000\/svg\" fill=\"none\" viewbox=\"0 0 24 24\" stroke-width=\"2.5\" stroke=\"currentColor\" class=\"w-8 h-8\">\n\t\t\t\t\t\t\t<path stroke-linecap=\"round\" stroke-linejoin=\"round\" d=\"M6 18 18 6M6 6l12 12\"\/>\n\t\t\t\t\t\t<\/svg>\n\t\t\t\t\t<\/button>\n\t\t\t\t<\/div>\n\t\t\t\t<img decoding=\"async\" src=\"https:\/\/finnmaster.web.mediasignal.dev\/app\/uploads\/2024\/03\/Finnmaster-R6_sundeck-in-bow.jpg\" alt=\"\">\n\t\t\t<\/div>\n\t\t\t\t\t            <button id=\"equipment-2\" class=\"Equipment-btn absolute -translate-y-1\/2 -translate-x-1\/2 z-1 rounded-full transition-all duration-200 border-2 hover:border-3 border-solid border-white bg-[hsla(0,0%,98%,.7)] hover:bg-[hsla(0,0%,100%,.4)]  w-[clamp(40px,5vw,84px)] hover:w-[clamp(40px,5vw,90px)] h-[clamp(40px,5vw,84px)] hover:h-[clamp(40px,5vw,90px)] bottom-[33%] left-[33%]\"><\/button>\n\t\t\t            <div id=\"equipment-2\" class=\"Equipment-modal z-10 rotate-90 lg:rotate-0 animate-expand lg:animate-expandDesk absolute hidden p-5 bg-[hsla(0,0%,100%,.5)] backdrop-blur-[56px] top-1\/2 left-1\/2 -translate-y-1\/2 -translate-x-1\/2 w-[75%] max-w-[300px] sm:max-w-[420px] aspect-[6\/5] shadow-[0_4px_70px_rgba(0,0,0,.1)] box-border flex-col justify-between gap-[5%]  \">\n\t\t\t\t<div class=\"relative\">\n\t\t\t\t\t<h4 class=\"h3 uppercase\">\n\t\t\t\t\t\tMONIK\u00c4YTT\u00d6INEN AVOTILA &amp; AURINKOTASO\n\t\t\t\t\t<\/h4>\n\t\t\t\t\t<button id=\"equipment-2\" class=\"Equipment-close-btn absolute top-0 right-0 \">\n\t\t\t\t\t\t<svg xmlns=\"http:\/\/www.w3.org\/2000\/svg\" fill=\"none\" viewbox=\"0 0 24 24\" stroke-width=\"2.5\" stroke=\"currentColor\" class=\"w-8 h-8\">\n\t\t\t\t\t\t\t<path stroke-linecap=\"round\" stroke-linejoin=\"round\" d=\"M6 18 18 6M6 6l12 12\"\/>\n\t\t\t\t\t\t<\/svg>\n\t\t\t\t\t<\/button>\n\t\t\t\t<\/div>\n\t\t\t\t<img decoding=\"async\" src=\"https:\/\/finnmaster.web.mediasignal.dev\/app\/uploads\/2024\/03\/Finnmaster-R6_multifunctional-cockpit-and-sundeck.jpg\" alt=\"\">\n\t\t\t<\/div>\n\t\t\t\t\t            <button id=\"equipment-3\" class=\"Equipment-btn absolute -translate-y-1\/2 -translate-x-1\/2 z-1 rounded-full transition-all duration-200 border-2 hover:border-3 border-solid border-white bg-[hsla(0,0%,98%,.7)] hover:bg-[hsla(0,0%,100%,.4)]  w-[clamp(40px,5vw,84px)] hover:w-[clamp(40px,5vw,90px)] h-[clamp(40px,5vw,84px)] hover:h-[clamp(40px,5vw,90px)] bottom-[33%] left-[20%]\"><\/button>\n\t\t\t            <div id=\"equipment-3\" class=\"Equipment-modal z-10 rotate-90 lg:rotate-0 animate-expand lg:animate-expandDesk absolute hidden p-5 bg-[hsla(0,0%,100%,.5)] backdrop-blur-[56px] top-1\/2 left-1\/2 -translate-y-1\/2 -translate-x-1\/2 w-[75%] max-w-[300px] sm:max-w-[420px] aspect-[6\/5] shadow-[0_4px_70px_rgba(0,0,0,.1)] box-border flex-col justify-between gap-[5%]  \">\n\t\t\t\t<div class=\"relative\">\n\t\t\t\t\t<h4 class=\"h3 uppercase\">\n\t\t\t\t\t\tK\u00c4YT\u00c4NN\u00d6LLINEN K\u00c4VELYSILTA\n\t\t\t\t\t<\/h4>\n\t\t\t\t\t<button id=\"equipment-3\" class=\"Equipment-close-btn absolute top-0 right-0 \">\n\t\t\t\t\t\t<svg xmlns=\"http:\/\/www.w3.org\/2000\/svg\" fill=\"none\" viewbox=\"0 0 24 24\" stroke-width=\"2.5\" stroke=\"currentColor\" class=\"w-8 h-8\">\n\t\t\t\t\t\t\t<path stroke-linecap=\"round\" stroke-linejoin=\"round\" d=\"M6 18 18 6M6 6l12 12\"\/>\n\t\t\t\t\t\t<\/svg>\n\t\t\t\t\t<\/button>\n\t\t\t\t<\/div>\n\t\t\t\t<img decoding=\"async\" src=\"https:\/\/finnmaster.web.mediasignal.dev\/app\/uploads\/2024\/03\/Finnmaster-R6_practical-access-bridge.jpg\" alt=\"\">\n\t\t\t<\/div>\n\t\t\t\t\t            <button id=\"equipment-4\" class=\"Equipment-btn absolute -translate-y-1\/2 -translate-x-1\/2 z-1 rounded-full transition-all duration-200 border-2 hover:border-3 border-solid border-white bg-[hsla(0,0%,98%,.7)] hover:bg-[hsla(0,0%,100%,.4)]  w-[clamp(40px,5vw,84px)] hover:w-[clamp(40px,5vw,90px)] h-[clamp(40px,5vw,84px)] hover:h-[clamp(40px,5vw,90px)] bottom-[48%] left-[63%]\"><\/button>\n\t\t\t            <div id=\"equipment-4\" class=\"Equipment-modal z-10 rotate-90 lg:rotate-0 animate-expand lg:animate-expandDesk absolute hidden p-5 bg-[hsla(0,0%,100%,.5)] backdrop-blur-[56px] top-1\/2 left-1\/2 -translate-y-1\/2 -translate-x-1\/2 w-[75%] max-w-[300px] sm:max-w-[420px] aspect-[6\/5] shadow-[0_4px_70px_rgba(0,0,0,.1)] box-border flex-col justify-between gap-[5%]  \">\n\t\t\t\t<div class=\"relative\">\n\t\t\t\t\t<h4 class=\"h3 uppercase\">\n\t\t\t\t\t\tRUNSAASTI S\u00c4ILYTYSTILAA\n\t\t\t\t\t<\/h4>\n\t\t\t\t\t<button id=\"equipment-4\" class=\"Equipment-close-btn absolute top-0 right-0 \">\n\t\t\t\t\t\t<svg xmlns=\"http:\/\/www.w3.org\/2000\/svg\" fill=\"none\" viewbox=\"0 0 24 24\" stroke-width=\"2.5\" stroke=\"currentColor\" class=\"w-8 h-8\">\n\t\t\t\t\t\t\t<path stroke-linecap=\"round\" stroke-linejoin=\"round\" d=\"M6 18 18 6M6 6l12 12\"\/>\n\t\t\t\t\t\t<\/svg>\n\t\t\t\t\t<\/button>\n\t\t\t\t<\/div>\n\t\t\t\t<img decoding=\"async\" src=\"https:\/\/finnmaster.web.mediasignal.dev\/app\/uploads\/2024\/03\/Finnmaster-R6_plenty-of-storage.jpg\" alt=\"\">\n\t\t\t<\/div>\n\t\t\t<\/div>\n<\/div>\n","protected":false},"parent":0,"menu_order":20,"template":"","product-type":[20],"class_list":["post-1670","product","type-product","status-publish","hentry","product-type-bow-rider"],"acf":[],"_links":{"self":[{"href":"https:\/\/finnmaster.web.mediasignal.dev\/fi\/wp-json\/wp\/v2\/product\/1670"}],"collection":[{"href":"https:\/\/finnmaster.web.mediasignal.dev\/fi\/wp-json\/wp\/v2\/product"}],"about":[{"href":"https:\/\/finnmaster.web.mediasignal.dev\/fi\/wp-json\/wp\/v2\/types\/product"}],"wp:attachment":[{"href":"https:\/\/finnmaster.web.mediasignal.dev\/fi\/wp-json\/wp\/v2\/media?parent=1670"}],"wp:term":[{"taxonomy":"product-type","embeddable":true,"href":"https:\/\/finnmaster.web.mediasignal.dev\/fi\/wp-json\/wp\/v2\/product-type?post=1670"}],"curies":[{"name":"wp","href":"https:\/\/api.w.org\/{rel}","templated":true}]}}